{"id":19,"date":"2026-03-10T15:28:31","date_gmt":"2026-03-10T15:28:31","guid":{"rendered":"https:\/\/nihlen.com\/home\/"},"modified":"2026-03-10T21:25:48","modified_gmt":"2026-03-10T20:25:48","slug":"home","status":"publish","type":"page","link":"https:\/\/nihlen.com\/mallorca\/","title":{"rendered":"Mallorca Golfresa 15-19 April 2026"},"content":{"rendered":"\n<div class=\"wp-block-group alignfull is-style-ext-preset--group--natural-1--section has-background-background-color has-background has-global-padding is-layout-constrained wp-container-core-group-is-layout-300589ff wp-block-group-is-layout-constrained is-style-ext-preset--group--natural-1--section--1\" id=\"schema\" style=\"margin-top:0;margin-bottom:0;padding-top:var(--wp--preset--spacing--40);padding-bottom:var(--wp--preset--spacing--40)\">\n<div class=\"wp-block-group alignwide ext-is-logical-start has-global-padding is-content-justification-left is-layout-constrained wp-container-core-group-is-layout-6729bdbe wp-block-group-is-layout-constrained\">\n<h2 class=\"wp-block-heading ext-animate--on\">Schema<\/h2>\n<\/div>\n\n\n\n<div class=\"wp-block-columns alignwide is-layout-flex wp-container-core-columns-is-layout-30cd009e wp-block-columns-is-layout-flex\">\n<div class=\"wp-block-column is-vertically-aligned-stretch ext-animate--on is-layout-flow wp-container-core-column-is-layout-f5bb311e wp-block-column-is-layout-flow\">\n<div class=\"wp-block-group is-style-ext-preset--group--natural-1--item-card-1--align-start has-global-padding is-layout-constrained wp-block-group-is-layout-constrained is-style-ext-preset--group--natural-1--item-card-1--align-start--2\">\n<div class=\"wp-block-group is-style-default has-global-padding is-layout-constrained wp-block-group-is-layout-constrained\" style=\"margin-top:0;margin-bottom:0\">\n<div class=\"wp-block-group is-nowrap is-layout-flex wp-container-core-group-is-layout-64fa2afa wp-block-group-is-layout-flex\" style=\"padding-top:0;padding-right:0;padding-bottom:0;padding-left:0\">\n<div class=\"wp-block-group wp-container-content-958eb9dc has-global-padding is-layout-constrained wp-container-core-group-is-layout-c06d165c wp-block-group-is-layout-constrained\" style=\"padding-top:0;padding-right:0;padding-bottom:0;padding-left:0\">\n<h3 class=\"wp-block-heading has-text-align-center\">Dag 1<\/h3>\n\n\n\n<p class=\"has-text-align-center\">Golfbana: <strong>Son Quint<\/strong><\/p>\n\n\n\n<figure class=\"wp-block-table ext-animate--on is-style-regular has-small-font-size\" style=\"line-height:1\"><table style=\"border-style:none;border-width:0px\"><tbody><tr><td>Transfer bana:<\/td><td class=\"has-text-align-right\" data-align=\"right\"><strong>10:15<\/strong><\/td><\/tr><tr><td>F\u00f6rsta starttid:<\/td><td class=\"has-text-align-right\" data-align=\"right\"><strong>13:04<\/strong><\/td><\/tr><tr><td>Transfer  hotell:<\/td><td class=\"has-text-align-right\" data-align=\"right\"><strong>19:30<\/strong><\/td><\/tr><\/tbody><\/table><\/figure>\n<\/div>\n<\/div>\n<\/div>\n<\/div>\n<\/div>\n\n\n\n<div class=\"wp-block-column is-vertically-aligned-stretch ext-animate--on is-layout-flow wp-container-core-column-is-layout-f5bb311e wp-block-column-is-layout-flow\">\n<div class=\"wp-block-group is-style-ext-preset--group--natural-1--item-card-1--align-start has-global-padding is-layout-constrained wp-block-group-is-layout-constrained is-style-ext-preset--group--natural-1--item-card-1--align-start--3\">\n<div class=\"wp-block-group is-style-default has-global-padding is-layout-constrained wp-block-group-is-layout-constrained\">\n<div class=\"wp-block-group is-nowrap is-layout-flex wp-container-core-group-is-layout-64fa2afa wp-block-group-is-layout-flex\" style=\"padding-top:0;padding-right:0;padding-bottom:0;padding-left:0\">\n<div class=\"wp-block-group wp-container-content-958eb9dc has-global-padding is-layout-constrained wp-container-core-group-is-layout-c06d165c wp-block-group-is-layout-constrained\" style=\"padding-top:0;padding-right:0;padding-bottom:0;padding-left:0\">\n<h3 class=\"wp-block-heading has-text-align-center\">Dag 2<\/h3>\n\n\n\n<p class=\"has-text-align-center has-small-font-size\">Golfbana: <strong>Son Termes<\/strong><\/p>\n<\/div>\n<\/div>\n\n\n\n<figure class=\"wp-block-table ext-animate--on is-style-regular has-small-font-size\" style=\"line-height:1\"><table style=\"border-style:none;border-width:0px\"><tbody><tr><td>Transfer bana:<\/td><td class=\"has-text-align-right\" data-align=\"right\"><strong>09:00<\/strong><\/td><\/tr><tr><td>F\u00f6rsta starttid:<\/td><td class=\"has-text-align-right\" data-align=\"right\"><strong>11:00<\/strong><\/td><\/tr><tr><td>Transfer hotell:<\/td><td class=\"has-text-align-right\" data-align=\"right\"><strong>18:00<\/strong><\/td><\/tr><\/tbody><\/table><\/figure>\n<\/div>\n<\/div>\n<\/div>\n\n\n\n<div class=\"wp-block-column is-vertically-aligned-stretch ext-animate--on is-layout-flow wp-container-core-column-is-layout-f5bb311e wp-block-column-is-layout-flow\">\n<div class=\"wp-block-group is-style-ext-preset--group--natural-1--item-card-1--align-start has-global-padding is-layout-constrained wp-block-group-is-layout-constrained is-style-ext-preset--group--natural-1--item-card-1--align-start--4\">\n<div class=\"wp-block-group is-style-default has-global-padding is-layout-constrained wp-block-group-is-layout-constrained\">\n<div class=\"wp-block-group is-nowrap is-layout-flex wp-container-core-group-is-layout-64fa2afa wp-block-group-is-layout-flex\" style=\"padding-top:0;padding-right:0;padding-bottom:0;padding-left:0\">\n<div class=\"wp-block-group wp-container-content-958eb9dc has-global-padding is-layout-constrained wp-container-core-group-is-layout-c06d165c wp-block-group-is-layout-constrained\" style=\"padding-top:0;padding-right:0;padding-bottom:0;padding-left:0\">\n<h3 class=\"wp-block-heading has-text-align-center\">Dag 3<\/h3>\n\n\n\n<p class=\"has-text-align-center ext-animate--on\">Golfbana: <strong>Son Vida<\/strong><\/p>\n\n\n\n<figure class=\"wp-block-table ext-animate--on is-style-regular has-small-font-size\" style=\"line-height:1\"><table style=\"border-style:none;border-width:0px\"><tbody><tr><td>Transfer bana:<\/td><td class=\"has-text-align-right\" data-align=\"right\"><strong>10:00<\/strong><\/td><\/tr><tr><td>F\u00f6rsta starttid:<\/td><td class=\"has-text-align-right\" data-align=\"right\"><strong>11:43<\/strong><\/td><\/tr><tr><td>Transfer hotell:<\/td><td class=\"has-text-align-right\" data-align=\"right\"><strong>18:15<\/strong><\/td><\/tr><\/tbody><\/table><\/figure>\n<\/div>\n<\/div>\n<\/div>\n<\/div>\n<\/div>\n\n\n\n<div class=\"wp-block-column is-vertically-aligned-stretch ext-animate--on is-layout-flow wp-container-core-column-is-layout-f5bb311e wp-block-column-is-layout-flow\">\n<div class=\"wp-block-group is-style-ext-preset--group--natural-1--item-card-1--align-start ext-animate--on has-global-padding is-layout-constrained wp-block-group-is-layout-constrained is-style-ext-preset--group--natural-1--item-card-1--align-start--5\">\n<div class=\"wp-block-group is-style-default ext-animate--on has-global-padding is-layout-constrained wp-block-group-is-layout-constrained\">\n<div class=\"wp-block-group ext-animate--on is-nowrap is-layout-flex wp-container-core-group-is-layout-64fa2afa wp-block-group-is-layout-flex\" style=\"padding-top:0;padding-right:0;padding-bottom:0;padding-left:0\">\n<div class=\"wp-block-group ext-animate--on wp-container-content-958eb9dc has-global-padding is-layout-constrained wp-container-core-group-is-layout-c06d165c wp-block-group-is-layout-constrained\" style=\"padding-top:0;padding-right:0;padding-bottom:0;padding-left:0\">\n<h3 class=\"wp-block-heading has-text-align-center ext-animate--on\">Dag 4<\/h3>\n\n\n\n<p class=\"has-text-align-center ext-animate--on\">Golfbana: <strong>Son Gual<\/strong><\/p>\n\n\n\n<figure class=\"wp-block-table ext-animate--on is-style-regular has-small-font-size\" style=\"line-height:1\"><table style=\"border-style:none;border-width:0px\"><tbody><tr><td>Transfer bana:<\/td><td class=\"has-text-align-right\" data-align=\"right\"><strong>08:00<\/strong><\/td><\/tr><tr><td>F\u00f6rsta starttid:<\/td><td class=\"has-text-align-right\" data-align=\"right\"><strong>10:00<\/strong><\/td><\/tr><tr><td>Transfer flygplats:<\/td><td class=\"has-text-align-right\" data-align=\"right\"><strong>18:15<\/strong><\/td><\/tr><\/tbody><\/table><\/figure>\n<\/div>\n<\/div>\n<\/div>\n<\/div>\n<\/div>\n<\/div>\n<\/div>\n\n\n\n<div class=\"wp-block-group alignfull is-style-ext-preset--group--natural-1--section has-background-background-color has-background has-global-padding is-layout-constrained wp-container-core-group-is-layout-2415dd45 wp-block-group-is-layout-constrained is-style-ext-preset--group--natural-1--section--6\" id=\"golfbanorna\" style=\"margin-top:0;margin-bottom:0;padding-top:var(--wp--preset--spacing--50);padding-bottom:var(--wp--preset--spacing--50)\">\n<div class=\"wp-block-group alignwide ext-is-logical-start has-global-padding is-content-justification-left is-layout-constrained wp-container-core-group-is-layout-6729bdbe wp-block-group-is-layout-constrained\">\n<h2 class=\"wp-block-heading ext-animate--on\">Golfbanorna<\/h2>\n<\/div>\n\n\n\n<div class=\"wp-block-columns alignwide are-vertically-aligned-top ext-animate--on is-layout-flex wp-container-core-columns-is-layout-28f84493 wp-block-columns-is-layout-flex\">\n<div class=\"wp-block-column is-vertically-aligned-top ext-animate--on is-layout-flow wp-block-column-is-layout-flow\">\n<div class=\"wp-block-cover is-light ext-animate--on is-style-ext-preset--image--natural-1--image-1--content-bottom has-aspect-ratio wp-duotone-unset-8 is-style-ext-preset--image--natural-1--image-1--content-bottom--7\" style=\"min-height:394px;aspect-ratio:1;min-height:unset;\"><img loading=\"lazy\" decoding=\"async\" width=\"600\" height=\"750\" class=\"wp-block-cover__image-background wp-image-47\" alt=\"\" src=\"https:\/\/nihlen.com\/wp-content\/uploads\/2026\/03\/Son_Quint.jpg\" style=\"object-position:50% 50%\" data-object-fit=\"cover\" data-object-position=\"50% 50%\" srcset=\"https:\/\/nihlen.com\/wp-content\/uploads\/2026\/03\/Son_Quint.jpg 600w, https:\/\/nihlen.com\/wp-content\/uploads\/2026\/03\/Son_Quint-240x300.jpg 240w\" sizes=\"auto, (max-width: 600px) 100vw, 600px\" \/><span aria-hidden=\"true\" class=\"wp-block-cover__background has-background-dim-0 has-background-dim\"><\/span><div class=\"wp-block-cover__inner-container is-layout-flow wp-container-core-cover-is-layout-8a368f38 wp-block-cover-is-layout-flow\">\n<h2 class=\"wp-block-heading has-text-align-center ext-animate--on has-tertiary-color has-text-color has-link-color has-large-font-size wp-elements-eee8d69d225c6de58d16fbcf9da19f78\"><strong><a href=\"https:\/\/arabellagolfmallorca.com\/en\/golf-courses\/golf-son-quint\/\">Son Quint<\/a><\/strong><\/h2>\n<\/div><\/div>\n<\/div>\n\n\n\n<div class=\"wp-block-column is-vertically-aligned-top ext-animate--on is-layout-flow wp-block-column-is-layout-flow\">\n<div style=\"aspect-ratio:1;min-height:unset;\" class=\"wp-block-cover ext-animate--on is-style-ext-preset--image--natural-1--image-1--content-bottom has-aspect-ratio is-style-ext-preset--image--natural-1--image-1--content-bottom--9\"><img loading=\"lazy\" decoding=\"async\" width=\"1024\" height=\"683\" class=\"wp-block-cover__image-background wp-image-50\" alt=\"\" src=\"https:\/\/nihlen.com\/wp-content\/uploads\/2026\/03\/Golf-Son-Termes-13-1024x683.jpg\" data-object-fit=\"cover\" srcset=\"https:\/\/nihlen.com\/wp-content\/uploads\/2026\/03\/Golf-Son-Termes-13-1024x683.jpg 1024w, https:\/\/nihlen.com\/wp-content\/uploads\/2026\/03\/Golf-Son-Termes-13-300x200.jpg 300w, https:\/\/nihlen.com\/wp-content\/uploads\/2026\/03\/Golf-Son-Termes-13-768x512.jpg 768w, https:\/\/nihlen.com\/wp-content\/uploads\/2026\/03\/Golf-Son-Termes-13.jpg 1500w\" sizes=\"auto, (max-width: 1024px) 100vw, 1024px\" \/><span aria-hidden=\"true\" class=\"wp-block-cover__background has-background-dim-0 has-background-dim\"><\/span><div class=\"wp-block-cover__inner-container is-layout-flow wp-block-cover-is-layout-flow\">\n<p class=\"has-text-align-center ext-animate--on has-tertiary-color has-text-color has-link-color has-large-font-size wp-elements-bb71ae6d690a85860e2d2c5030cd5095\"><a href=\"https:\/\/golfsontermes.com\/\"><strong>Son Termes<\/strong><\/a><\/p>\n<\/div><\/div>\n<\/div>\n\n\n\n<div class=\"wp-block-column is-vertically-aligned-top ext-animate--on is-layout-flow wp-block-column-is-layout-flow\">\n<div style=\"aspect-ratio:1;min-height:unset;\" class=\"wp-block-cover is-light ext-animate--on is-style-ext-preset--image--natural-1--image-1--content-bottom has-aspect-ratio is-style-ext-preset--image--natural-1--image-1--content-bottom--10\"><img loading=\"lazy\" decoding=\"async\" width=\"600\" height=\"750\" class=\"wp-block-cover__image-background wp-image-52\" alt=\"\" src=\"https:\/\/nihlen.com\/wp-content\/uploads\/2026\/03\/Son_Vida.jpg\" data-object-fit=\"cover\" srcset=\"https:\/\/nihlen.com\/wp-content\/uploads\/2026\/03\/Son_Vida.jpg 600w, https:\/\/nihlen.com\/wp-content\/uploads\/2026\/03\/Son_Vida-240x300.jpg 240w\" sizes=\"auto, (max-width: 600px) 100vw, 600px\" \/><span aria-hidden=\"true\" class=\"wp-block-cover__background has-background-dim-0 has-background-dim\"><\/span><div class=\"wp-block-cover__inner-container is-layout-flow wp-block-cover-is-layout-flow\">\n<p class=\"has-text-align-center ext-animate--on has-tertiary-color has-text-color has-link-color has-large-font-size wp-elements-718558ee9ff2228945cadc21c98277c1\"><a href=\"https:\/\/arabellagolfmallorca.com\/en\/golf-courses\/golf-son-vida\/\"><strong>Son Vida<\/strong><\/a><\/p>\n<\/div><\/div>\n<\/div>\n\n\n\n<div class=\"wp-block-column is-vertically-aligned-top ext-animate--on is-layout-flow wp-block-column-is-layout-flow\">\n<div style=\"aspect-ratio:1;min-height:unset;\" class=\"wp-block-cover is-light ext-animate--on is-style-ext-preset--image--natural-1--image-1--content-bottom has-aspect-ratio is-style-ext-preset--image--natural-1--image-1--content-bottom--11\"><img loading=\"lazy\" decoding=\"async\" width=\"1024\" height=\"541\" class=\"wp-block-cover__image-background wp-image-55\" alt=\"\" src=\"https:\/\/nihlen.com\/wp-content\/uploads\/2026\/03\/Son-Gual-1024x541.jpg\" data-object-fit=\"cover\" srcset=\"https:\/\/nihlen.com\/wp-content\/uploads\/2026\/03\/Son-Gual-1024x541.jpg 1024w, https:\/\/nihlen.com\/wp-content\/uploads\/2026\/03\/Son-Gual-300x159.jpg 300w, https:\/\/nihlen.com\/wp-content\/uploads\/2026\/03\/Son-Gual-768x406.jpg 768w, https:\/\/nihlen.com\/wp-content\/uploads\/2026\/03\/Son-Gual-1536x812.jpg 1536w, https:\/\/nihlen.com\/wp-content\/uploads\/2026\/03\/Son-Gual-2048x1083.jpg 2048w\" sizes=\"auto, (max-width: 1024px) 100vw, 1024px\" \/><span aria-hidden=\"true\" class=\"wp-block-cover__background has-background-dim-0 has-background-dim\"><\/span><div class=\"wp-block-cover__inner-container is-layout-flow wp-block-cover-is-layout-flow\">\n<p class=\"has-text-align-center ext-animate--on has-tertiary-color has-text-color has-link-color has-large-font-size wp-elements-a8b7e8308eeb1e4e466ba31b315766eb\"><a href=\"https:\/\/son-gual.com\/\"><strong>Son Gual<\/strong><\/a><\/p>\n<\/div><\/div>\n<\/div>\n<\/div>\n<\/div>\n\n\n\n<div class=\"wp-block-group alignfull ext-hero-section is-style-ext-preset--group--natural-1--section has-background-background-color has-background has-global-padding is-content-justification-center is-layout-constrained wp-block-group-is-layout-constrained is-style-ext-preset--group--natural-1--section--12\" id=\"hotellet\" style=\"margin-top:0;margin-bottom:0;padding-top:var(--wp--preset--spacing--50);padding-bottom:var(--wp--preset--spacing--50)\">\n<div class=\"wp-block-group alignwide ext-is-logical-start ext-animate--on has-global-padding is-content-justification-left is-layout-constrained wp-container-core-group-is-layout-6729bdbe wp-block-group-is-layout-constrained\">\n<h2 class=\"wp-block-heading ext-animate--on\">Hotellet<\/h2>\n<\/div>\n\n\n\n<div class=\"wp-block-columns alignwide is-layout-flex wp-container-core-columns-is-layout-08c01c1c wp-block-columns-is-layout-flex\">\n<div class=\"wp-block-column is-vertically-aligned-stretch ext-animate--on is-layout-flow wp-block-column-is-layout-flow\">\n<div class=\"wp-block-group alignwide is-style-ext-preset--group--natural-1--item-card-1--align-start has-tertiary-background-color has-background is-nowrap is-layout-flex wp-container-core-group-is-layout-bcde1d39 wp-block-group-is-layout-flex is-style-ext-preset--group--natural-1--item-card-1--align-start--13\" style=\"min-height:100%;padding-top:0;padding-right:0;padding-bottom:0;padding-left:0\">\n<div class=\"wp-block-group alignwide is-vertical is-layout-flex wp-container-core-group-is-layout-7f14cc7b wp-block-group-is-layout-flex\" style=\"padding-top:var(--wp--preset--spacing--30);padding-right:var(--wp--preset--spacing--30);padding-bottom:var(--wp--preset--spacing--30);padding-left:var(--wp--preset--spacing--30)\">\n<div class=\"wp-block-group has-global-padding is-layout-constrained wp-container-core-group-is-layout-812d5580 wp-block-group-is-layout-constrained\" style=\"padding-top:0;padding-right:0;padding-bottom:0;padding-left:0\">\n<h1 class=\"wp-block-heading has-xx-large-font-size\">Elba Sunset<\/h1>\n\n\n\n<p style=\"font-size:clamp(14px, 0.875rem + ((1vw - 3.2px) * 0.417), 18px);\">Elba Sunset Mallorca \u00e4r ett avantgardistiskt fyrstj\u00e4rnigt hotell. Hotellet utm\u00e4rker sig s\u00e4rskilt genom sitt perfekta l\u00e4ge, bara n\u00e5gra meter fr\u00e5n stranden, sin fantastiska infinitypool och sin n\u00e4rhet till ett flertal golfbanor.&nbsp;<\/p>\n<\/div>\n\n\n\n<div class=\"wp-block-buttons is-layout-flex wp-block-buttons-is-layout-flex\">\n<div class=\"wp-block-button is-style-ext-preset--button--natural-1--button-1 is-style-ext-preset--button--natural-1--button-1--14\"><a class=\"wp-block-button__link wp-element-button\" href=\"https:\/\/www.hoteleselba.com\/en\/hotel\/elba-sunset-mallorca-thalasso-spa\">Utforska<\/a><\/div>\n<\/div>\n<\/div>\n<\/div>\n<\/div>\n\n\n\n<div class=\"wp-block-column is-vertically-aligned-stretch ext-animate--on is-layout-flow wp-block-column-is-layout-flow\">\n<figure class=\"wp-block-image size-full ext-animate--on is-style-ext-preset--image--natural-1--image-1--content-bottom is-style-ext-preset--image--natural-1--image-1--content-bottom--15\"><img loading=\"lazy\" decoding=\"async\" width=\"1180\" height=\"720\" src=\"https:\/\/nihlen.com\/wp-content\/uploads\/2026\/03\/Elba.jpeg\" alt=\"\" class=\"wp-image-58\" srcset=\"https:\/\/nihlen.com\/wp-content\/uploads\/2026\/03\/Elba.jpeg 1180w, https:\/\/nihlen.com\/wp-content\/uploads\/2026\/03\/Elba-300x183.jpeg 300w, https:\/\/nihlen.com\/wp-content\/uploads\/2026\/03\/Elba-1024x625.jpeg 1024w, https:\/\/nihlen.com\/wp-content\/uploads\/2026\/03\/Elba-768x469.jpeg 768w\" sizes=\"auto, (max-width: 1180px) 100vw, 1180px\" \/><\/figure>\n<\/div>\n<\/div>\n\n\n\n<div class=\"wp-block-group alignwide ext-is-logical-start ext-animate--on has-global-padding is-content-justification-left is-layout-constrained wp-container-core-group-is-layout-6729bdbe wp-block-group-is-layout-constrained\">\n<p class=\"ext-animate--on\">Adress: Carrer Torrenova 25 &#8211; 27, 07181 Palmanova &#8211; Mallorca<br>Telefon: <a href=\"tel:003497 168 27 22\">+34 97 168 27 22<\/a><br>Mail: <a href=\"mailto:mallorca@hoteleselba.com\">mallorca@hoteleselba.com<\/a><\/p>\n<\/div>\n<\/div>\n","protected":false},"excerpt":{"rendered":"<p>Schema Dag 1 Golfbana: Son Quint Transfer bana: 10:15 F\u00f6rsta starttid: 13:04 Transfer hotell: 19:30 Dag 2 Golfbana: Son Termes Transfer bana: 09:00 F\u00f6rsta starttid: 11:00 Transfer hotell: 18:00 Dag 3 Golfbana: Son Vida Transfer bana: 10:00 F\u00f6rsta starttid: 11:43 Transfer hotell: 18:15 Dag 4 Golfbana: Son Gual Transfer bana: 08:00 F\u00f6rsta starttid: 10:00 Transfer [&hellip;]<\/p>\n","protected":false},"author":1,"featured_media":0,"parent":0,"menu_order":0,"comment_status":"closed","ping_status":"closed","template":"no-title-sticky-header","meta":{"_monsterinsights_skip_tracking":false,"_monsterinsights_sitenote_active":false,"_monsterinsights_sitenote_note":"","_monsterinsights_sitenote_category":0,"footnotes":""},"class_list":["post-19","page","type-page","status-publish","hentry"],"_links":{"self":[{"href":"https:\/\/nihlen.com\/mallorca\/wp-json\/wp\/v2\/pages\/19","targetHints":{"allow":["GET"]}}],"collection":[{"href":"https:\/\/nihlen.com\/mallorca\/wp-json\/wp\/v2\/pages"}],"about":[{"href":"https:\/\/nihlen.com\/mallorca\/wp-json\/wp\/v2\/types\/page"}],"author":[{"embeddable":true,"href":"https:\/\/nihlen.com\/mallorca\/wp-json\/wp\/v2\/users\/1"}],"replies":[{"embeddable":true,"href":"https:\/\/nihlen.com\/mallorca\/wp-json\/wp\/v2\/comments?post=19"}],"version-history":[{"count":52,"href":"https:\/\/nihlen.com\/mallorca\/wp-json\/wp\/v2\/pages\/19\/revisions"}],"predecessor-version":[{"id":109,"href":"https:\/\/nihlen.com\/mallorca\/wp-json\/wp\/v2\/pages\/19\/revisions\/109"}],"wp:attachment":[{"href":"https:\/\/nihlen.com\/mallorca\/wp-json\/wp\/v2\/media?parent=19"}],"curies":[{"name":"wp","href":"https:\/\/api.w.org\/{rel}","templated":true}]}}